{"id":210,"date":"2019-12-04T10:23:35","date_gmt":"2019-12-04T10:23:35","guid":{"rendered":"https:\/\/lina-anni.de\/?page_id=210"},"modified":"2019-12-05T21:18:49","modified_gmt":"2019-12-05T20:18:49","slug":"agb","status":"publish","type":"page","link":"https:\/\/lina-anni.de\/?page_id=210","title":{"rendered":"AGB"},"content":{"rendered":"<p>Allgemeine Gesch\u00e4ftsbedingungen<\/p><p class=\"has-text-align-left\"><strong>Geltungsbereich<\/strong><\/p><p>F\u00fcr alle Bestellungen \u00fcber unseren Online-Shop durch Verbraucher und Unternehmer<br>\ngelten die nachfolgenden AGB.<\/p><p>Verbraucher ist jede nat\u00fcrliche Person, die ein Rechtsgesch\u00e4ft zu Zwecken<br>\nabschlie\u00dft, die \u00fcberwiegend weder ihrer gewerblichen noch ihrer selbst\u00e4ndigen<br>\nberuflichen T\u00e4tigkeit zugerechnet werden k\u00f6nnen. Unternehmer ist eine nat\u00fcrliche<br>\noder juristische Person oder eine rechtsf\u00e4hige Personengesellschaft, die bei<br>\nAbschluss eines Rechtsgesch\u00e4fts in Aus\u00fcbung ihrer gewerblichen oder<br>\nselbst\u00e4ndigen beruflichen T\u00e4tigkeit handelt. <\/p><p>Gegen\u00fcber Unternehmern gilt: Verwendet der Unternehmer entgegenstehende oder<br> erg\u00e4nzende Allgemeine Gesch\u00e4ftsbedingungen, wird deren Geltung hiermit<br> widersprochen; sie werden nur dann Vertragsbestandteil, wenn wir dem<br> ausdr\u00fccklich zugestimmt haben.<\/p><p class=\"has-text-align-left\"><strong>Vertragspartner, Vertragsschluss<\/strong><\/p><p>Der Kaufvertrag kommt zustande mit Tannen-Wulf.<\/p><p>Mit Einstellung der Produkte in den Online-Shop geben wir ein verbindliches<br> Angebot zum Vertragsschluss \u00fcber diese Artikel ab. Sie k\u00f6nnen unsere Produkte<br> zun\u00e4chst unverbindlich in den Warenkorb legen und Ihre Eingaben vor Absenden<br> Ihrer verbindlichen Bestellung jederzeit korrigieren, indem Sie die hierf\u00fcr im<br> Bestellablauf vorgesehenen und erl\u00e4uterten Korrekturhilfen nutzen. Der Vertrag<br> kommt zustande, indem Sie durch Anklicken des Bestellbuttons das Angebot \u00fcber<br> die im Warenkorb enthaltenen Waren annehmen. Unmittelbar nach dem Absenden der<br> Bestellung erhalten Sie noch einmal eine Best\u00e4tigung per E-Mail.<\/p><p class=\"has-text-align-left\"><strong>Vertragssprache, Vertragstextspeicherung<\/strong><\/p><p>Die f\u00fcr den Vertragsschluss zur Verf\u00fcgung stehende Sprache ist Deutsch.<\/p><p>Wir speichern den Vertragstext und senden Ihnen die Bestelldaten und unsere AGB<br> in Textform zu. Der Vertragstext ist aus Sicherheitsgr\u00fcnden nicht mehr \u00fcber das<br> Internet zug\u00e4nglich.<\/p><p class=\"has-text-align-left\"><strong>Lieferbedingungen<\/strong><\/p><p>Wir liefern innerhalb Deutschlands versandkostenfrei.<\/p><p>Sie haben grunds\u00e4tzlich die M\u00f6glichkeit der Abholung bei Tannen-Wulf, Auf der<br>\nWei\u00dfenburg, 99610 S\u00f6mmerda, Deutschland zu den nachfolgend angegebenen<br>\nGesch\u00e4ftszeiten: 2 Wochen<\/p><p>Wir liefern nicht an Packstationen.<\/p><p class=\"has-text-align-left\"><strong>Bezahlung<\/strong><\/p><p>In unserem Shop stehen Ihnen grunds\u00e4tzlich die folgenden Zahlungsarten zur<br>\nVerf\u00fcgung:<\/p><p>Vorkasse <br>\nBei Auswahl der Zahlungsart Vorkasse nennen wir Ihnen unsere Bankverbindung in<br>\nseparater E-Mail und liefern die Ware nach Zahlungseingang.<\/p><p>PayPal<br> Im Bestellprozess werden Sie auf die Webseite des Online-Anbieters PayPal<br> weitergeleitet. Um den Rechnungsbetrag \u00fcber PayPal bezahlen zu k\u00f6nnen, m\u00fcssen<br> Sie dort registriert sein bzw. sich erst registrieren, mit Ihren Zugangsdaten<br> legitimieren und die Zahlungsanweisung an uns best\u00e4tigen. Nach Abgabe der<br> Bestellung im Shop fordern wir PayPal zur Einleitung der Zahlungstransaktion<br> auf. Die Zahlungstransaktion wird durch PayPal unmittelbar danach automatisch<br> durchgef\u00fchrt. Weitere Hinweise erhalten Sie beim Bestellvorgang. <\/p><p class=\"has-text-align-left\"><strong>Widerrufsrecht<\/strong><\/p><p>Verbrauchern steht das gesetzliche Widerrufsrecht, wie in der Widerrufsbelehrung<br> beschrieben, zu. Unternehmern wird kein freiwilliges Widerrufsrecht einger\u00e4umt.<\/p><p class=\"has-text-align-left\"><strong>Gew\u00e4hrleistung und Garantien<\/strong><\/p><p>Soweit nicht nachstehend ausdr\u00fccklich anders vereinbart, gilt das gesetzliche<br> M\u00e4ngelhaftungsrecht. <br> Beim Kauf gebrauchter Waren durch Verbraucher gilt: wenn der Mangel nach Ablauf<br> eines Jahres ab Ablieferung der Ware auftritt, sind die M\u00e4ngelanspr\u00fcche<br> ausgeschlossen. M\u00e4ngel, die innerhalb eines Jahres ab Ablieferung der Ware<br> auftreten, k\u00f6nnen im Rahmen der gesetzlichen Verj\u00e4hrungsfrist von zwei Jahren ab<br> Ablieferung der Ware geltend gemacht werden. <br> F\u00fcr Unternehmer betr\u00e4gt die Verj\u00e4hrungsfrist f\u00fcr M\u00e4ngelanspr\u00fcche bei neu<br> hergestellten Sachen ein Jahr ab Gefahr\u00fcbergang. Der Verkauf gebrauchter Waren<br> erfolgt unter Ausschluss jeglicher Gew\u00e4hrleistung. Die gesetzlichen<br> Verj\u00e4hrungsfristen f\u00fcr den R\u00fcckgriffsanspruch nach \u00a7 445a BGB bleiben unber\u00fchrt.<br> Gegen\u00fcber Unternehmern gelten als Vereinbarung \u00fcber die Beschaffenheit der Ware<br> nur unsere eigenen Angaben und die Produktbeschreibungen des Herstellers, die in<br> den Vertrag einbezogen wurden; f\u00fcr \u00f6ffentliche \u00c4u\u00dferungen des Herstellers oder<br> sonstige Werbeaussagen \u00fcbernehmen wir keine Haftung. <br> Ist die gelieferte Sache mangelhaft, leisten wir gegen\u00fcber Unternehmern zun\u00e4chst<br> nach unserer Wahl Gew\u00e4hr durch Beseitigung des Mangels (Nachbesserung) oder<br> durch Lieferung einer mangelfreien Sache (Ersatzlieferung). <br> Die vorstehenden Einschr\u00e4nkungen und Fristverk\u00fcrzungen gelten nicht f\u00fcr<br> Anspr\u00fcche aufgrund von Sch\u00e4den, die durch uns, unsere gesetzlichen Vertreter<br> oder Erf\u00fcllungsgehilfen verursacht wurden<br> \u2022 bei Verletzung des Lebens, des K\u00f6rpers oder der Gesundheit<br> \u2022 bei vors\u00e4tzlicher oder grob fahrl\u00e4ssiger Pflichtverletzung sowie Arglist<br> \u2022 bei Verletzung wesentlicher Vertragspflichten, deren Erf\u00fcllung die<br> ordnungsgem\u00e4\u00dfe Durchf\u00fchrung des Vertrages \u00fcberhaupt erst erm\u00f6glicht und auf<br> deren Einhaltung der Vertragspartner regelm\u00e4\u00dfig vertrauen darf<br> (Kardinalpflichten)<br> \u2022 im Rahmen eines Garantieversprechens, soweit vereinbart<br> \u2022 soweit der Anwendungsbereich des Produkthaftungsgesetzes er\u00f6ffnet ist.<br> Informationen zu gegebenenfalls geltenden zus\u00e4tzlichen Garantien und deren<br> genaue Bedingungen finden Sie jeweils beim Produkt und auf besonderen<br> Informationsseiten im Online-Shop.<\/p><p class=\"has-text-align-left\"><strong>Haftung<\/strong><\/p><p>F\u00fcr Anspr\u00fcche aufgrund von Sch\u00e4den, die durch uns, unsere gesetzlichen Vertreter<br> oder Erf\u00fcllungsgehilfen verursacht wurden, haften wir stets unbeschr\u00e4nkt<br> \u2022 bei Verletzung des Lebens, des K\u00f6rpers oder der Gesundheit<br> \u2022 bei vors\u00e4tzlicher oder grob fahrl\u00e4ssiger Pflichtverletzung<br> \u2022 bei Garantieversprechen, soweit vereinbart, oder<br> \u2022 soweit der Anwendungsbereich des Produkthaftungsgesetzes er\u00f6ffnet ist.<br> Bei Verletzung wesentlicher Vertragspflichten, deren Erf\u00fcllung die<br> ordnungsgem\u00e4\u00dfe Durchf\u00fchrung des Vertrages \u00fcberhaupt erst erm\u00f6glicht und auf<br> deren Einhaltung der Vertragspartner regelm\u00e4\u00dfig vertrauen darf,<br> (Kardinalpflichten) durch leichte Fahrl\u00e4ssigkeit von uns, unseren gesetzlichen<br> Vertretern oder Erf\u00fcllungsgehilfen ist die Haftung der H\u00f6he nach auf den bei<br> Vertragsschluss vorhersehbaren Schaden begrenzt, mit dessen Entstehung<br> typischerweise gerechnet werden muss. <br> Im \u00dcbrigen sind Anspr\u00fcche auf Schadensersatz ausgeschlossen.<\/p><p class=\"has-text-align-left\"><strong>Streitbeilegung<\/strong><\/p><p>Die Europ\u00e4ische Kommission stellt eine Plattform zur Online-Streitbeilegung (OS)<br> bereit, die Sie hier [https:\/\/ec.europa.eu\/consumers\/odr\/] finden. Zur Teilnahme<br> an einem Streitbeilegungsverfahren vor einer Verbraucherschlichtungsstelle sind<br> wir nicht verpflichtet und nicht bereit. <\/p><p class=\"has-text-align-left\"><strong>Schlussbestimmungen<\/strong><\/p><p>Sind Sie Unternehmer, dann gilt deutsches Recht unter Ausschluss des<br>\nUN-Kaufrechts.<\/p><p>AGB [https:\/\/shop.trustedshops.com\/de\/rechtstexte\/] erstellt mit dem Trusted<br>\nShops [https:\/\/shop.trustedshops.com\/de\/] Rechtstexter in Kooperation mit Wilde<br>\nBeuger Solmecke Rechtsanw\u00e4lte [https:\/\/www.wbs-law.de\/].<\/p>","protected":false},"excerpt":{"rendered":"<p>Allgemeine Gesch\u00e4ftsbedingungen Geltungsbereich F\u00fcr alle Bestellungen \u00fcber unseren Online-Shop durch Verbraucher und Unternehmer gelten die nachfolgenden AGB. Verbraucher ist jede nat\u00fcrliche Person, die ein Rechtsgesch\u00e4ft zu Zwecken abschlie\u00dft, die \u00fcberwiegend weder ihrer gewerblichen noch ihrer selbst\u00e4ndigen beruflichen T\u00e4tigkeit zugerechnet werden k\u00f6nnen. Unternehmer ist eine nat\u00fcrliche oder juristische Person oder eine rechtsf\u00e4hige Personengesellschaft, die bei Abschluss [&hellip;]<\/p>\n","protected":false},"author":2,"featured_media":0,"parent":0,"menu_order":0,"comment_status":"closed","ping_status":"closed","template":"tpl-page-fullwidth.php","meta":{"footnotes":""},"class_list":["post-210","page","type-page","status-publish","hentry"],"_links":{"self":[{"href":"https:\/\/lina-anni.de\/index.php?rest_route=\/wp\/v2\/pages\/210","targetHints":{"allow":["GET"]}}],"collection":[{"href":"https:\/\/lina-anni.de\/index.php?rest_route=\/wp\/v2\/pages"}],"about":[{"href":"https:\/\/lina-anni.de\/index.php?rest_route=\/wp\/v2\/types\/page"}],"author":[{"embeddable":true,"href":"https:\/\/lina-anni.de\/index.php?rest_route=\/wp\/v2\/users\/2"}],"replies":[{"embeddable":true,"href":"https:\/\/lina-anni.de\/index.php?rest_route=%2Fwp%2Fv2%2Fcomments&post=210"}],"version-history":[{"count":2,"href":"https:\/\/lina-anni.de\/index.php?rest_route=\/wp\/v2\/pages\/210\/revisions"}],"predecessor-version":[{"id":381,"href":"https:\/\/lina-anni.de\/index.php?rest_route=\/wp\/v2\/pages\/210\/revisions\/381"}],"wp:attachment":[{"href":"https:\/\/lina-anni.de\/index.php?rest_route=%2Fwp%2Fv2%2Fmedia&parent=210"}],"curies":[{"name":"wp","href":"https:\/\/api.w.org\/{rel}","templated":true}]}}